{"id":99,"date":"2021-10-04T11:22:04","date_gmt":"2021-10-04T11:22:04","guid":{"rendered":"https:\/\/www.fornminnesgarden.se\/?page_id=99"},"modified":"2026-03-29T13:14:16","modified_gmt":"2026-03-29T13:14:16","slug":"kontakta-oss","status":"publish","type":"page","link":"https:\/\/www.fornminnesgarden.se\/index.php\/kontakta-oss\/","title":{"rendered":"Kontakta oss"},"content":{"rendered":"\n<p class=\"has-text-color\" style=\"color:#222222\">Adress: <a href=\"https:\/\/www.google.se\/maps\/place\/Arendt+Byggm%C3%A4stares+Gata+20,+575+32+Eksj%C3%B6\/@57.6690943,14.9677684,401m\/data=!3m2!1e3!4b1!4m5!3m4!1s0x4659f0a997ad0079:0x796e8c60879565eb!8m2!3d57.6690914!4d14.9699571?hl=sv\">Arendt Byggm\u00e4stares Gata 20, Eksj\u00f6<\/a><br>Telefonnummer: 076-864 86 61<\/p>\n\n\n\n<p class=\"has-text-color\" style=\"color:#222222\">Mailadress: waxegardbjorn@gmail.com<\/p>\n\n\n\n<p class=\"has-text-color\" style=\"color:#222222\">Genom att skicka detta medellande samtycker jag att f\u00f6reningen sparar mitt namn och min e-postadress f\u00f6r att kunna svara p\u00e5 mitt meddelande.<\/p>\n\n\n\n<p class=\"has-text-color\" style=\"color:#222222\">Om du vill bli borttagen fr\u00e5n v\u00e5r lista, kontakta: Bj\u00f6rn Waxeg\u00e5rd.\u00a0<\/p>\n\n\n\n<p><\/p>\n\n\n\n<p><\/p>\n","protected":false},"excerpt":{"rendered":"<p>Adress: Arendt Byggm\u00e4stares Gata 20, Eksj\u00f6Telefonnummer: 076-864 86 61 Mailadress: waxegardbjorn@gmail.com Genom att skicka detta medellande samtycker jag att f\u00f6reningen [&hellip;]<\/p>\n","protected":false},"author":2,"featured_media":0,"parent":0,"menu_order":0,"comment_status":"closed","ping_status":"closed","template":"","meta":{"footnotes":""},"class_list":["post-99","page","type-page","status-publish","hentry"],"_links":{"self":[{"href":"https:\/\/www.fornminnesgarden.se\/index.php\/wp-json\/wp\/v2\/pages\/99","targetHints":{"allow":["GET"]}}],"collection":[{"href":"https:\/\/www.fornminnesgarden.se\/index.php\/wp-json\/wp\/v2\/pages"}],"about":[{"href":"https:\/\/www.fornminnesgarden.se\/index.php\/wp-json\/wp\/v2\/types\/page"}],"author":[{"embeddable":true,"href":"https:\/\/www.fornminnesgarden.se\/index.php\/wp-json\/wp\/v2\/users\/2"}],"replies":[{"embeddable":true,"href":"https:\/\/www.fornminnesgarden.se\/index.php\/wp-json\/wp\/v2\/comments?post=99"}],"version-history":[{"count":8,"href":"https:\/\/www.fornminnesgarden.se\/index.php\/wp-json\/wp\/v2\/pages\/99\/revisions"}],"predecessor-version":[{"id":334,"href":"https:\/\/www.fornminnesgarden.se\/index.php\/wp-json\/wp\/v2\/pages\/99\/revisions\/334"}],"wp:attachment":[{"href":"https:\/\/www.fornminnesgarden.se\/index.php\/wp-json\/wp\/v2\/media?parent=99"}],"curies":[{"name":"wp","href":"https:\/\/api.w.org\/{rel}","templated":true}]}}