{"id":97,"date":"2021-10-04T11:19:46","date_gmt":"2021-10-04T11:19:46","guid":{"rendered":"https:\/\/www.fornminnesgarden.se\/?page_id=97"},"modified":"2021-10-12T10:56:08","modified_gmt":"2021-10-12T10:56:08","slug":"medlemskap","status":"publish","type":"page","link":"https:\/\/www.fornminnesgarden.se\/index.php\/medlemskap\/","title":{"rendered":"Medlemskap"},"content":{"rendered":"\n<p class=\"has-text-color\" style=\"color:#222222\">Eksj\u00f6 Musei- och Hembygdsf\u00f6rening \u00e4r \u00f6ppen f\u00f6r alla.<\/p>\n\n\n\n<p class=\"has-text-color\" style=\"color:#222222\">Om du vill arbeta med att bevara och visa v\u00e5rt kulturarv eller om du &#8221;bara&#8221; vill st\u00f6dja v\u00e5r verksamhet \u00e4r du v\u00e4lkommen som medlem.<\/p>\n\n\n\n<p class=\"has-text-color\" style=\"color:#222222\">\u00c5rsavgiften \u00e4r 100 kronor. Anv\u00e4nd g\u00e4rna bankgiro nr 5078-2507. Kom ih\u00e5g att uppge namn och adress!<\/p>\n","protected":false},"excerpt":{"rendered":"<p>Eksj\u00f6 Musei- och Hembygdsf\u00f6rening \u00e4r \u00f6ppen f\u00f6r alla. Om du vill arbeta med att bevara och visa v\u00e5rt kulturarv eller [&hellip;]<\/p>\n","protected":false},"author":2,"featured_media":0,"parent":0,"menu_order":0,"comment_status":"closed","ping_status":"closed","template":"","meta":{"footnotes":""},"class_list":["post-97","page","type-page","status-publish","hentry"],"_links":{"self":[{"href":"https:\/\/www.fornminnesgarden.se\/index.php\/wp-json\/wp\/v2\/pages\/97","targetHints":{"allow":["GET"]}}],"collection":[{"href":"https:\/\/www.fornminnesgarden.se\/index.php\/wp-json\/wp\/v2\/pages"}],"about":[{"href":"https:\/\/www.fornminnesgarden.se\/index.php\/wp-json\/wp\/v2\/types\/page"}],"author":[{"embeddable":true,"href":"https:\/\/www.fornminnesgarden.se\/index.php\/wp-json\/wp\/v2\/users\/2"}],"replies":[{"embeddable":true,"href":"https:\/\/www.fornminnesgarden.se\/index.php\/wp-json\/wp\/v2\/comments?post=97"}],"version-history":[{"count":2,"href":"https:\/\/www.fornminnesgarden.se\/index.php\/wp-json\/wp\/v2\/pages\/97\/revisions"}],"predecessor-version":[{"id":179,"href":"https:\/\/www.fornminnesgarden.se\/index.php\/wp-json\/wp\/v2\/pages\/97\/revisions\/179"}],"wp:attachment":[{"href":"https:\/\/www.fornminnesgarden.se\/index.php\/wp-json\/wp\/v2\/media?parent=97"}],"curies":[{"name":"wp","href":"https:\/\/api.w.org\/{rel}","templated":true}]}}