{"id":95,"date":"2021-10-04T11:19:03","date_gmt":"2021-10-04T11:19:03","guid":{"rendered":"https:\/\/www.fornminnesgarden.se\/?page_id=95"},"modified":"2026-03-29T13:09:15","modified_gmt":"2026-03-29T13:09:15","slug":"aktiviteter","status":"publish","type":"page","link":"https:\/\/www.fornminnesgarden.se\/index.php\/aktiviteter\/","title":{"rendered":"Aktiviteter"},"content":{"rendered":"\n<h3 class=\"wp-block-heading has-text-color has-larger-font-size\" style=\"color:#222222\">\u00c5rsm\u00f6te<\/h3>\n\n\n\n<p>Eksj\u00f6 Musei-och Hembygdsf\u00f6rening h\u00e4lsar alla medlemmar v\u00e4lkomna till \u00e5rsm\u00f6te torsdagen den 19 mars 2026 klockan 18.00.<\/p>\n\n\n\n<p>Plats: Storeg\u00e5rdskyrkan, Eksj\u00f6<\/p>\n\n\n\n<p class=\"has-larger-font-size\"><strong>\u00d6ppettider<\/strong><\/p>\n\n\n\n<p><strong>Museets \u00f6ppettider sommaren 202<\/strong>5<\/p>\n\n\n\n<p>L\u00f6rdagar from 28 juni tom den 23 augusti klockan 10.00 &#8211; 15.00.<\/p>\n\n\n\n<p>G\u00e5rden och cykelmuseet \u00e4r \u00f6ppet  alla dagar klockan 10.00 &#8211; 15.00.<\/p>\n\n\n\n<p><\/p>\n\n\n\n<p><\/p>\n\n\n\n<p><\/p>\n\n\n\n<p><\/p>\n\n\n\n<p><\/p>\n\n\n\n<p><\/p>\n\n\n\n<p><\/p>\n\n\n\n<p><\/p>\n\n\n\n<p><\/p>\n\n\n\n<p style=\"font-size:24px\"><\/p>\n\n\n\n<p style=\"font-size:24px\">Eksj\u00f6 Musei- och Hembygdsf\u00f6renings styrelse 2026<\/p>\n\n\n\n<p><strong>Ordf\u00f6rande:<\/strong><\/p>\n\n\n\n<p>Bj\u00f6rn Waxeg\u00e5rd<\/p>\n\n\n\n<p><strong>Vice Ordf\u00f6rande:<\/strong><\/p>\n\n\n\n<p>Sven Nilsson<\/p>\n\n\n\n<p><strong>Sekreterare:<\/strong><\/p>\n\n\n\n<p>Kerstin Hurtig<\/p>\n\n\n\n<p><strong>Kass\u00f6r:<\/strong><\/p>\n\n\n\n<p>Rose-Marie Johansson<\/p>\n\n\n\n<p><strong>Ledam\u00f6ter:<\/strong>, Monica Dahl\u00e9n, Agneta Wesstr\u00f6m och Lennart Bengtsson<\/p>\n\n\n\n<p><strong>Suppleant:<\/strong><\/p>\n\n\n\n<p>Pia L\u00f6fgren<\/p>\n\n\n\n<p><\/p>\n\n\n\n<p><\/p>\n\n\n\n<p class=\"has-black-color has-text-color\" style=\"font-size:24px\"><\/p>\n\n\n\n<p class=\"has-black-color has-text-color\" style=\"font-size:24px\">QR-kod<\/p>\n\n\n\n<p class=\"has-black-color has-text-color\">Arbetet med QR-koden \u00e4r nu slutf\u00f6rd. <\/p>\n\n\n\n<p class=\"has-black-color has-text-color\">QR-koder \u00e4r uppsatta p\u00e5 g\u00e5rden, cykelmuseet och inne i de olika rummen i museibyggnaden p\u00e5 svenska, engelska och tyska<strong>.<\/strong><\/p>\n\n\n\n<p><\/p>\n\n\n\n<p><\/p>\n\n\n","protected":false},"excerpt":{"rendered":"<p>\u00c5rsm\u00f6te Eksj\u00f6 Musei-och Hembygdsf\u00f6rening h\u00e4lsar alla medlemmar v\u00e4lkomna till \u00e5rsm\u00f6te torsdagen den 19 mars 2026 klockan 18.00. Plats: Storeg\u00e5rdskyrkan, Eksj\u00f6 [&hellip;]<\/p>\n","protected":false},"author":2,"featured_media":0,"parent":0,"menu_order":0,"comment_status":"closed","ping_status":"closed","template":"","meta":{"footnotes":"[]"},"class_list":["post-95","page","type-page","status-publish","hentry"],"_links":{"self":[{"href":"https:\/\/www.fornminnesgarden.se\/index.php\/wp-json\/wp\/v2\/pages\/95","targetHints":{"allow":["GET"]}}],"collection":[{"href":"https:\/\/www.fornminnesgarden.se\/index.php\/wp-json\/wp\/v2\/pages"}],"about":[{"href":"https:\/\/www.fornminnesgarden.se\/index.php\/wp-json\/wp\/v2\/types\/page"}],"author":[{"embeddable":true,"href":"https:\/\/www.fornminnesgarden.se\/index.php\/wp-json\/wp\/v2\/users\/2"}],"replies":[{"embeddable":true,"href":"https:\/\/www.fornminnesgarden.se\/index.php\/wp-json\/wp\/v2\/comments?post=95"}],"version-history":[{"count":34,"href":"https:\/\/www.fornminnesgarden.se\/index.php\/wp-json\/wp\/v2\/pages\/95\/revisions"}],"predecessor-version":[{"id":333,"href":"https:\/\/www.fornminnesgarden.se\/index.php\/wp-json\/wp\/v2\/pages\/95\/revisions\/333"}],"wp:attachment":[{"href":"https:\/\/www.fornminnesgarden.se\/index.php\/wp-json\/wp\/v2\/media?parent=95"}],"curies":[{"name":"wp","href":"https:\/\/api.w.org\/{rel}","templated":true}]}}