{"id":85,"date":"2021-10-04T11:16:08","date_gmt":"2021-10-04T11:16:08","guid":{"rendered":"https:\/\/www.fornminnesgarden.se\/?page_id=85"},"modified":"2021-11-16T09:16:12","modified_gmt":"2021-11-16T09:16:12","slug":"utstallningar","status":"publish","type":"page","link":"https:\/\/www.fornminnesgarden.se\/index.php\/utstallningar\/","title":{"rendered":"Utst\u00e4llningar"},"content":{"rendered":"\n<p class=\"has-text-color\" style=\"color:#222222\">V\u00e5rt museum i Fornminnesg\u00e5rden har samlingar fr\u00e5n stora delar av 1700-, 1800- och 1900-talen.<\/p>\n\n\n\n<p class=\"has-text-color\" style=\"color:#222222\">V\u00e5r specialitet \u00e4r hantverk och sm\u00e5skalig industri i stadsmilj\u00f6, t.ex. guld- och silversmedja, skomakeri, bageri, samt ett nyinrett cykel- och motorcykelmuseum. I den gamla smedjan f\u00e5r man en insikt i de gamla yrkena kopparslagare, gelbgjutare och repslagare.<\/p>\n\n\n\n<p class=\"has-text-color\" style=\"color:#222222\">Vi visar hur borgarna i Eksj\u00f6 levde och bodde p\u00e5 1700- och 1800-talet.<\/p>\n\n\n\n<figure class=\"wp-block-image size-large\"><img loading=\"lazy\" decoding=\"async\" width=\"1024\" height=\"645\" src=\"https:\/\/www.fornminnesgarden.se\/wp-content\/uploads\/2021\/10\/1700talskok-1024x645.png\" alt=\"\" class=\"wp-image-135\" srcset=\"https:\/\/www.fornminnesgarden.se\/wp-content\/uploads\/2021\/10\/1700talskok-1024x645.png 1024w, https:\/\/www.fornminnesgarden.se\/wp-content\/uploads\/2021\/10\/1700talskok-300x189.png 300w, https:\/\/www.fornminnesgarden.se\/wp-content\/uploads\/2021\/10\/1700talskok-768x484.png 768w, https:\/\/www.fornminnesgarden.se\/wp-content\/uploads\/2021\/10\/1700talskok.png 1153w\" sizes=\"auto, (max-width: 1024px) 100vw, 1024px\" \/><\/figure>\n\n\n\n<p class=\"has-text-color\" style=\"color:#222222\">1700 tals k\u00f6k<\/p>\n\n\n\n<p class=\"has-text-color\" style=\"color:#222222\">Foton fr\u00e5n slutet av 1800-talet fram till v\u00e5ra dagar, tidningsurklipp, handlingar och b\u00f6cker kompletterar v\u00e5r samling.<\/p>\n\n\n\n<p class=\"has-text-color\" style=\"color:#222222\">Accessionskatalogen, som detaljerat beskriver v\u00e5r samling och var varje enskild sak finns f\u00f6rvarad, \u00e4r numera digitaliserad.<\/p>\n\n\n\n<p class=\"has-text-color\" id=\"edit\" style=\"color:#222222\">Editerad av: H\u00e5kan \u00c5kvist (2020-03-31 15:53:05)<\/p>\n\n\n\n<p class=\"has-text-color has-larger-font-size\" style=\"color:#222222\"><strong>Bildgalleri<\/strong><\/p>\n\n\n\n<p class=\"has-text-color has-larger-font-size\" style=\"color:#222222\">G\u00e5rden<\/p>\n\n\n\n<figure class=\"wp-block-image size-large\"><img loading=\"lazy\" decoding=\"async\" width=\"1024\" height=\"683\" src=\"https:\/\/www.fornminnesgarden.se\/wp-content\/uploads\/2021\/10\/bild1-1-1024x683.jpg\" alt=\"\" class=\"wp-image-125\" srcset=\"https:\/\/www.fornminnesgarden.se\/wp-content\/uploads\/2021\/10\/bild1-1-1024x683.jpg 1024w, https:\/\/www.fornminnesgarden.se\/wp-content\/uploads\/2021\/10\/bild1-1-300x200.jpg 300w, https:\/\/www.fornminnesgarden.se\/wp-content\/uploads\/2021\/10\/bild1-1-768x512.jpg 768w, https:\/\/www.fornminnesgarden.se\/wp-content\/uploads\/2021\/10\/bild1-1-1536x1024.jpg 1536w, https:\/\/www.fornminnesgarden.se\/wp-content\/uploads\/2021\/10\/bild1-1-2048x1365.jpg 2048w\" sizes=\"auto, (max-width: 1024px) 100vw, 1024px\" \/><\/figure>\n\n\n\n<figure class=\"wp-block-image size-large\"><img loading=\"lazy\" decoding=\"async\" width=\"1024\" height=\"683\" src=\"https:\/\/www.fornminnesgarden.se\/wp-content\/uploads\/2021\/10\/bild2-1024x683.jpg\" alt=\"\" class=\"wp-image-138\" srcset=\"https:\/\/www.fornminnesgarden.se\/wp-content\/uploads\/2021\/10\/bild2-1024x683.jpg 1024w, https:\/\/www.fornminnesgarden.se\/wp-content\/uploads\/2021\/10\/bild2-300x200.jpg 300w, https:\/\/www.fornminnesgarden.se\/wp-content\/uploads\/2021\/10\/bild2-768x512.jpg 768w, https:\/\/www.fornminnesgarden.se\/wp-content\/uploads\/2021\/10\/bild2-1536x1024.jpg 1536w, https:\/\/www.fornminnesgarden.se\/wp-content\/uploads\/2021\/10\/bild2-2048x1365.jpg 2048w\" sizes=\"auto, (max-width: 1024px) 100vw, 1024px\" \/><\/figure>\n\n\n\n<figure class=\"wp-block-image size-large\"><img loading=\"lazy\" decoding=\"async\" width=\"1024\" height=\"683\" src=\"https:\/\/www.fornminnesgarden.se\/wp-content\/uploads\/2021\/10\/bild3-1024x683.jpg\" alt=\"\" class=\"wp-image-141\" srcset=\"https:\/\/www.fornminnesgarden.se\/wp-content\/uploads\/2021\/10\/bild3-1024x683.jpg 1024w, https:\/\/www.fornminnesgarden.se\/wp-content\/uploads\/2021\/10\/bild3-300x200.jpg 300w, https:\/\/www.fornminnesgarden.se\/wp-content\/uploads\/2021\/10\/bild3-768x512.jpg 768w, https:\/\/www.fornminnesgarden.se\/wp-content\/uploads\/2021\/10\/bild3-1536x1024.jpg 1536w, https:\/\/www.fornminnesgarden.se\/wp-content\/uploads\/2021\/10\/bild3-2048x1365.jpg 2048w\" sizes=\"auto, (max-width: 1024px) 100vw, 1024px\" \/><\/figure>\n\n\n\n<figure class=\"wp-block-image size-large\"><img loading=\"lazy\" decoding=\"async\" width=\"1024\" height=\"683\" src=\"https:\/\/www.fornminnesgarden.se\/wp-content\/uploads\/2021\/10\/bild4-1024x683.jpg\" alt=\"\" class=\"wp-image-142\" srcset=\"https:\/\/www.fornminnesgarden.se\/wp-content\/uploads\/2021\/10\/bild4-1024x683.jpg 1024w, https:\/\/www.fornminnesgarden.se\/wp-content\/uploads\/2021\/10\/bild4-300x200.jpg 300w, https:\/\/www.fornminnesgarden.se\/wp-content\/uploads\/2021\/10\/bild4-768x512.jpg 768w, https:\/\/www.fornminnesgarden.se\/wp-content\/uploads\/2021\/10\/bild4-1536x1024.jpg 1536w, https:\/\/www.fornminnesgarden.se\/wp-content\/uploads\/2021\/10\/bild4-2048x1365.jpg 2048w\" sizes=\"auto, (max-width: 1024px) 100vw, 1024px\" \/><\/figure>\n\n\n\n<p class=\"has-text-color has-larger-font-size\" style=\"color:#222222\">1800 tals Hem<\/p>\n\n\n\n<figure class=\"wp-block-image size-large\"><img loading=\"lazy\" decoding=\"async\" width=\"1024\" height=\"683\" src=\"https:\/\/www.fornminnesgarden.se\/wp-content\/uploads\/2021\/10\/bild5-1024x683.jpg\" alt=\"\" class=\"wp-image-144\" srcset=\"https:\/\/www.fornminnesgarden.se\/wp-content\/uploads\/2021\/10\/bild5-1024x683.jpg 1024w, https:\/\/www.fornminnesgarden.se\/wp-content\/uploads\/2021\/10\/bild5-300x200.jpg 300w, https:\/\/www.fornminnesgarden.se\/wp-content\/uploads\/2021\/10\/bild5-768x512.jpg 768w, https:\/\/www.fornminnesgarden.se\/wp-content\/uploads\/2021\/10\/bild5-1536x1024.jpg 1536w, https:\/\/www.fornminnesgarden.se\/wp-content\/uploads\/2021\/10\/bild5-2048x1365.jpg 2048w\" sizes=\"auto, (max-width: 1024px) 100vw, 1024px\" \/><\/figure>\n\n\n\n<figure class=\"wp-block-image size-large\"><img loading=\"lazy\" decoding=\"async\" width=\"1024\" height=\"683\" src=\"https:\/\/www.fornminnesgarden.se\/wp-content\/uploads\/2021\/10\/bild6-1024x683.jpg\" alt=\"\" class=\"wp-image-145\" srcset=\"https:\/\/www.fornminnesgarden.se\/wp-content\/uploads\/2021\/10\/bild6-1024x683.jpg 1024w, https:\/\/www.fornminnesgarden.se\/wp-content\/uploads\/2021\/10\/bild6-300x200.jpg 300w, https:\/\/www.fornminnesgarden.se\/wp-content\/uploads\/2021\/10\/bild6-768x512.jpg 768w, https:\/\/www.fornminnesgarden.se\/wp-content\/uploads\/2021\/10\/bild6-1536x1024.jpg 1536w, https:\/\/www.fornminnesgarden.se\/wp-content\/uploads\/2021\/10\/bild6-2048x1365.jpg 2048w\" sizes=\"auto, (max-width: 1024px) 100vw, 1024px\" \/><\/figure>\n\n\n\n<figure class=\"wp-block-image size-large\"><img loading=\"lazy\" decoding=\"async\" width=\"1024\" height=\"683\" src=\"https:\/\/www.fornminnesgarden.se\/wp-content\/uploads\/2021\/10\/bild7-1024x683.jpg\" alt=\"\" class=\"wp-image-147\" srcset=\"https:\/\/www.fornminnesgarden.se\/wp-content\/uploads\/2021\/10\/bild7-1024x683.jpg 1024w, https:\/\/www.fornminnesgarden.se\/wp-content\/uploads\/2021\/10\/bild7-300x200.jpg 300w, https:\/\/www.fornminnesgarden.se\/wp-content\/uploads\/2021\/10\/bild7-768x512.jpg 768w, https:\/\/www.fornminnesgarden.se\/wp-content\/uploads\/2021\/10\/bild7-1536x1024.jpg 1536w, https:\/\/www.fornminnesgarden.se\/wp-content\/uploads\/2021\/10\/bild7-2048x1365.jpg 2048w\" sizes=\"auto, (max-width: 1024px) 100vw, 1024px\" \/><\/figure>\n\n\n\n<figure class=\"wp-block-image size-large\"><img loading=\"lazy\" decoding=\"async\" width=\"1024\" height=\"683\" src=\"https:\/\/www.fornminnesgarden.se\/wp-content\/uploads\/2021\/10\/bild8-1024x683.jpg\" alt=\"\" class=\"wp-image-148\" srcset=\"https:\/\/www.fornminnesgarden.se\/wp-content\/uploads\/2021\/10\/bild8-1024x683.jpg 1024w, https:\/\/www.fornminnesgarden.se\/wp-content\/uploads\/2021\/10\/bild8-300x200.jpg 300w, https:\/\/www.fornminnesgarden.se\/wp-content\/uploads\/2021\/10\/bild8-768x512.jpg 768w, https:\/\/www.fornminnesgarden.se\/wp-content\/uploads\/2021\/10\/bild8-1536x1024.jpg 1536w, https:\/\/www.fornminnesgarden.se\/wp-content\/uploads\/2021\/10\/bild8-2048x1365.jpg 2048w\" sizes=\"auto, (max-width: 1024px) 100vw, 1024px\" \/><\/figure>\n\n\n\n<figure class=\"wp-block-image size-large\"><img loading=\"lazy\" decoding=\"async\" width=\"1024\" height=\"683\" src=\"https:\/\/www.fornminnesgarden.se\/wp-content\/uploads\/2021\/10\/bild9-1-1024x683.jpg\" alt=\"\" class=\"wp-image-149\" srcset=\"https:\/\/www.fornminnesgarden.se\/wp-content\/uploads\/2021\/10\/bild9-1-1024x683.jpg 1024w, https:\/\/www.fornminnesgarden.se\/wp-content\/uploads\/2021\/10\/bild9-1-300x200.jpg 300w, https:\/\/www.fornminnesgarden.se\/wp-content\/uploads\/2021\/10\/bild9-1-768x512.jpg 768w, https:\/\/www.fornminnesgarden.se\/wp-content\/uploads\/2021\/10\/bild9-1-1536x1024.jpg 1536w, https:\/\/www.fornminnesgarden.se\/wp-content\/uploads\/2021\/10\/bild9-1-2048x1365.jpg 2048w\" sizes=\"auto, (max-width: 1024px) 100vw, 1024px\" \/><\/figure>\n\n\n\n<figure class=\"wp-block-image size-large\"><img loading=\"lazy\" decoding=\"async\" width=\"1024\" height=\"683\" src=\"https:\/\/www.fornminnesgarden.se\/wp-content\/uploads\/2021\/10\/bild10-1024x683.jpg\" alt=\"\" class=\"wp-image-150\" srcset=\"https:\/\/www.fornminnesgarden.se\/wp-content\/uploads\/2021\/10\/bild10-1024x683.jpg 1024w, https:\/\/www.fornminnesgarden.se\/wp-content\/uploads\/2021\/10\/bild10-300x200.jpg 300w, https:\/\/www.fornminnesgarden.se\/wp-content\/uploads\/2021\/10\/bild10-768x512.jpg 768w, https:\/\/www.fornminnesgarden.se\/wp-content\/uploads\/2021\/10\/bild10-1536x1024.jpg 1536w, https:\/\/www.fornminnesgarden.se\/wp-content\/uploads\/2021\/10\/bild10-2048x1365.jpg 2048w\" sizes=\"auto, (max-width: 1024px) 100vw, 1024px\" \/><\/figure>\n\n\n\n<p class=\"has-text-color has-larger-font-size\" style=\"color:#222222\">1800 tals Bod<\/p>\n\n\n\n<figure class=\"wp-block-image size-large\"><img loading=\"lazy\" decoding=\"async\" width=\"1024\" height=\"683\" src=\"https:\/\/www.fornminnesgarden.se\/wp-content\/uploads\/2021\/10\/bild11-1024x683.jpg\" alt=\"\" class=\"wp-image-151\" srcset=\"https:\/\/www.fornminnesgarden.se\/wp-content\/uploads\/2021\/10\/bild11-1024x683.jpg 1024w, https:\/\/www.fornminnesgarden.se\/wp-content\/uploads\/2021\/10\/bild11-300x200.jpg 300w, https:\/\/www.fornminnesgarden.se\/wp-content\/uploads\/2021\/10\/bild11-768x512.jpg 768w, https:\/\/www.fornminnesgarden.se\/wp-content\/uploads\/2021\/10\/bild11-1536x1024.jpg 1536w, https:\/\/www.fornminnesgarden.se\/wp-content\/uploads\/2021\/10\/bild11-2048x1365.jpg 2048w\" sizes=\"auto, (max-width: 1024px) 100vw, 1024px\" \/><\/figure>\n\n\n\n<figure class=\"wp-block-image size-large\"><img loading=\"lazy\" decoding=\"async\" width=\"1024\" height=\"871\" src=\"https:\/\/www.fornminnesgarden.se\/wp-content\/uploads\/2021\/10\/bild14-2-1024x871.jpeg\" alt=\"\" class=\"wp-image-152\" srcset=\"https:\/\/www.fornminnesgarden.se\/wp-content\/uploads\/2021\/10\/bild14-2-1024x871.jpeg 1024w, https:\/\/www.fornminnesgarden.se\/wp-content\/uploads\/2021\/10\/bild14-2-300x255.jpeg 300w, https:\/\/www.fornminnesgarden.se\/wp-content\/uploads\/2021\/10\/bild14-2-768x653.jpeg 768w, https:\/\/www.fornminnesgarden.se\/wp-content\/uploads\/2021\/10\/bild14-2-1536x1306.jpeg 1536w, https:\/\/www.fornminnesgarden.se\/wp-content\/uploads\/2021\/10\/bild14-2.jpeg 1784w\" sizes=\"auto, (max-width: 1024px) 100vw, 1024px\" \/><\/figure>\n\n\n\n<figure class=\"wp-block-image size-large\"><img loading=\"lazy\" decoding=\"async\" width=\"1024\" height=\"768\" src=\"https:\/\/www.fornminnesgarden.se\/wp-content\/uploads\/2021\/10\/bild12-1024x768.jpeg\" alt=\"\" class=\"wp-image-153\" srcset=\"https:\/\/www.fornminnesgarden.se\/wp-content\/uploads\/2021\/10\/bild12-1024x768.jpeg 1024w, https:\/\/www.fornminnesgarden.se\/wp-content\/uploads\/2021\/10\/bild12-300x225.jpeg 300w, https:\/\/www.fornminnesgarden.se\/wp-content\/uploads\/2021\/10\/bild12-768x576.jpeg 768w, https:\/\/www.fornminnesgarden.se\/wp-content\/uploads\/2021\/10\/bild12-1536x1152.jpeg 1536w, https:\/\/www.fornminnesgarden.se\/wp-content\/uploads\/2021\/10\/bild12.jpeg 2048w\" sizes=\"auto, (max-width: 1024px) 100vw, 1024px\" \/><\/figure>\n\n\n\n<figure class=\"wp-block-image size-large\"><img loading=\"lazy\" decoding=\"async\" width=\"1024\" height=\"768\" src=\"https:\/\/www.fornminnesgarden.se\/wp-content\/uploads\/2021\/10\/bild13-1024x768.jpeg\" alt=\"\" class=\"wp-image-154\" srcset=\"https:\/\/www.fornminnesgarden.se\/wp-content\/uploads\/2021\/10\/bild13-1024x768.jpeg 1024w, https:\/\/www.fornminnesgarden.se\/wp-content\/uploads\/2021\/10\/bild13-300x225.jpeg 300w, https:\/\/www.fornminnesgarden.se\/wp-content\/uploads\/2021\/10\/bild13-768x576.jpeg 768w, https:\/\/www.fornminnesgarden.se\/wp-content\/uploads\/2021\/10\/bild13-1536x1152.jpeg 1536w, https:\/\/www.fornminnesgarden.se\/wp-content\/uploads\/2021\/10\/bild13.jpeg 2048w\" sizes=\"auto, (max-width: 1024px) 100vw, 1024px\" \/><\/figure>\n\n\n\n<figure class=\"wp-block-image size-large\"><img loading=\"lazy\" decoding=\"async\" width=\"1024\" height=\"768\" src=\"https:\/\/www.fornminnesgarden.se\/wp-content\/uploads\/2021\/10\/bild14-1024x768.jpeg\" alt=\"\" class=\"wp-image-155\" srcset=\"https:\/\/www.fornminnesgarden.se\/wp-content\/uploads\/2021\/10\/bild14-1024x768.jpeg 1024w, https:\/\/www.fornminnesgarden.se\/wp-content\/uploads\/2021\/10\/bild14-300x225.jpeg 300w, https:\/\/www.fornminnesgarden.se\/wp-content\/uploads\/2021\/10\/bild14-768x576.jpeg 768w, https:\/\/www.fornminnesgarden.se\/wp-content\/uploads\/2021\/10\/bild14-1536x1152.jpeg 1536w, https:\/\/www.fornminnesgarden.se\/wp-content\/uploads\/2021\/10\/bild14.jpeg 2048w\" sizes=\"auto, (max-width: 1024px) 100vw, 1024px\" \/><\/figure>\n\n\n\n<p class=\"has-text-color has-larger-font-size\" style=\"color:#222222\">&#8221;Universalgeni&#8221; J A Karlsson<\/p>\n\n\n\n<figure class=\"wp-block-image size-large\"><img loading=\"lazy\" decoding=\"async\" width=\"1024\" height=\"768\" src=\"https:\/\/www.fornminnesgarden.se\/wp-content\/uploads\/2021\/10\/bild15-1024x768.jpeg\" alt=\"\" class=\"wp-image-156\" srcset=\"https:\/\/www.fornminnesgarden.se\/wp-content\/uploads\/2021\/10\/bild15-1024x768.jpeg 1024w, https:\/\/www.fornminnesgarden.se\/wp-content\/uploads\/2021\/10\/bild15-300x225.jpeg 300w, https:\/\/www.fornminnesgarden.se\/wp-content\/uploads\/2021\/10\/bild15-768x576.jpeg 768w, https:\/\/www.fornminnesgarden.se\/wp-content\/uploads\/2021\/10\/bild15-1536x1152.jpeg 1536w, https:\/\/www.fornminnesgarden.se\/wp-content\/uploads\/2021\/10\/bild15.jpeg 2048w\" sizes=\"auto, (max-width: 1024px) 100vw, 1024px\" \/><\/figure>\n\n\n\n<figure class=\"wp-block-image size-large\"><img loading=\"lazy\" decoding=\"async\" width=\"768\" height=\"1024\" src=\"https:\/\/www.fornminnesgarden.se\/wp-content\/uploads\/2021\/10\/bild16-768x1024.jpeg\" alt=\"\" class=\"wp-image-157\" srcset=\"https:\/\/www.fornminnesgarden.se\/wp-content\/uploads\/2021\/10\/bild16-768x1024.jpeg 768w, https:\/\/www.fornminnesgarden.se\/wp-content\/uploads\/2021\/10\/bild16-225x300.jpeg 225w, https:\/\/www.fornminnesgarden.se\/wp-content\/uploads\/2021\/10\/bild16-1152x1536.jpeg 1152w, https:\/\/www.fornminnesgarden.se\/wp-content\/uploads\/2021\/10\/bild16.jpeg 1536w\" sizes=\"auto, (max-width: 768px) 100vw, 768px\" \/><\/figure>\n","protected":false},"excerpt":{"rendered":"<p>V\u00e5rt museum i Fornminnesg\u00e5rden har samlingar fr\u00e5n stora delar av 1700-, 1800- och 1900-talen. V\u00e5r specialitet \u00e4r hantverk och sm\u00e5skalig [&hellip;]<\/p>\n","protected":false},"author":2,"featured_media":0,"parent":0,"menu_order":0,"comment_status":"closed","ping_status":"closed","template":"","meta":{"footnotes":""},"class_list":["post-85","page","type-page","status-publish","hentry"],"_links":{"self":[{"href":"https:\/\/www.fornminnesgarden.se\/index.php\/wp-json\/wp\/v2\/pages\/85","targetHints":{"allow":["GET"]}}],"collection":[{"href":"https:\/\/www.fornminnesgarden.se\/index.php\/wp-json\/wp\/v2\/pages"}],"about":[{"href":"https:\/\/www.fornminnesgarden.se\/index.php\/wp-json\/wp\/v2\/types\/page"}],"author":[{"embeddable":true,"href":"https:\/\/www.fornminnesgarden.se\/index.php\/wp-json\/wp\/v2\/users\/2"}],"replies":[{"embeddable":true,"href":"https:\/\/www.fornminnesgarden.se\/index.php\/wp-json\/wp\/v2\/comments?post=85"}],"version-history":[{"count":17,"href":"https:\/\/www.fornminnesgarden.se\/index.php\/wp-json\/wp\/v2\/pages\/85\/revisions"}],"predecessor-version":[{"id":182,"href":"https:\/\/www.fornminnesgarden.se\/index.php\/wp-json\/wp\/v2\/pages\/85\/revisions\/182"}],"wp:attachment":[{"href":"https:\/\/www.fornminnesgarden.se\/index.php\/wp-json\/wp\/v2\/media?parent=85"}],"curies":[{"name":"wp","href":"https:\/\/api.w.org\/{rel}","templated":true}]}}