{"id":80,"date":"2021-10-04T10:46:41","date_gmt":"2021-10-04T10:46:41","guid":{"rendered":"https:\/\/www.fornminnesgarden.se\/?page_id=80"},"modified":"2021-10-12T10:33:45","modified_gmt":"2021-10-12T10:33:45","slug":"om-oss","status":"publish","type":"page","link":"https:\/\/www.fornminnesgarden.se\/index.php\/om-oss\/","title":{"rendered":"Om oss"},"content":{"rendered":"\n<p><\/p>\n\n\n\n<p class=\"has-text-color\" style=\"color:#222222\">Eksj\u00f6 Musei- och Hembygdsf\u00f6rening har som syfte att verka f\u00f6r Stadens unika historia och bland annat:<\/p>\n\n\n\n<p class=\"has-text-color\" style=\"color:#222222\">&#8211; Tar hand om Stadens fornl\u00e4mningar och naturminnen&#8230;<\/p>\n\n\n\n<p class=\"has-text-color\" style=\"color:#222222\">&#8211; Motta och registrera kulturf\u00f6rem\u00e5l&#8230;<\/p>\n\n\n\n<p class=\"has-text-color\" style=\"color:#222222\">&#8211; Att utveckla och berika kommunens museiverksamheter<\/p>\n\n\n\n<p class=\"has-text-color\" style=\"color:#222222\">&#8211; Och att stimulera intresset f\u00f6r Eksj\u00f6s natur, historia och kultur!<\/p>\n\n\n\n<p class=\"has-text-color\" style=\"color:#222222\">Ta g\u00e4rna en tur p\u00e5 hemsidans utst\u00e4llningar som du hittar p\u00e5 toppen av sidan, d\u00e4r kan du se lite vad som finns p\u00e5 plats.<\/p>\n","protected":false},"excerpt":{"rendered":"<p>Eksj\u00f6 Musei- och Hembygdsf\u00f6rening har som syfte att verka f\u00f6r Stadens unika historia och bland annat: &#8211; Tar hand om [&hellip;]<\/p>\n","protected":false},"author":2,"featured_media":0,"parent":0,"menu_order":0,"comment_status":"closed","ping_status":"closed","template":"","meta":{"footnotes":""},"class_list":["post-80","page","type-page","status-publish","hentry"],"_links":{"self":[{"href":"https:\/\/www.fornminnesgarden.se\/index.php\/wp-json\/wp\/v2\/pages\/80","targetHints":{"allow":["GET"]}}],"collection":[{"href":"https:\/\/www.fornminnesgarden.se\/index.php\/wp-json\/wp\/v2\/pages"}],"about":[{"href":"https:\/\/www.fornminnesgarden.se\/index.php\/wp-json\/wp\/v2\/types\/page"}],"author":[{"embeddable":true,"href":"https:\/\/www.fornminnesgarden.se\/index.php\/wp-json\/wp\/v2\/users\/2"}],"replies":[{"embeddable":true,"href":"https:\/\/www.fornminnesgarden.se\/index.php\/wp-json\/wp\/v2\/comments?post=80"}],"version-history":[{"count":2,"href":"https:\/\/www.fornminnesgarden.se\/index.php\/wp-json\/wp\/v2\/pages\/80\/revisions"}],"predecessor-version":[{"id":173,"href":"https:\/\/www.fornminnesgarden.se\/index.php\/wp-json\/wp\/v2\/pages\/80\/revisions\/173"}],"wp:attachment":[{"href":"https:\/\/www.fornminnesgarden.se\/index.php\/wp-json\/wp\/v2\/media?parent=80"}],"curies":[{"name":"wp","href":"https:\/\/api.w.org\/{rel}","templated":true}]}}